{"id":52,"date":"2021-11-22T15:21:41","date_gmt":"2021-11-22T14:21:41","guid":{"rendered":"https:\/\/2.formation-wp.doublegcoaching.be\/?page_id=52"},"modified":"2023-12-06T13:48:42","modified_gmt":"2023-12-06T12:48:42","slug":"bio","status":"publish","type":"page","link":"https:\/\/elodiecognioul.be\/?page_id=52","title":{"rendered":"Bio"},"content":{"rendered":"\t\t<div data-elementor-type=\"wp-page\" data-elementor-id=\"52\" class=\"elementor elementor-52\">\n\t\t\t\t\t\t<section class=\"elementor-section elementor-top-section elementor-element elementor-element-a43f9c6 elementor-section-boxed elementor-section-height-default elementor-section-height-default\" data-id=\"a43f9c6\" data-element_type=\"section\" data-e-type=\"section\">\n\t\t\t\t\t\t<div class=\"elementor-container elementor-column-gap-default\">\n\t\t\t\t\t<div class=\"elementor-column elementor-col-50 elementor-top-column elementor-element elementor-element-e46ade4\" data-id=\"e46ade4\" data-element_type=\"column\" data-e-type=\"column\">\n\t\t\t<div class=\"elementor-widget-wrap elementor-element-populated\">\n\t\t\t\t\t\t<div class=\"elementor-element elementor-element-eb95367 elementor-widget elementor-widget-text-editor\" data-id=\"eb95367\" data-element_type=\"widget\" data-e-type=\"widget\" data-widget_type=\"text-editor.default\">\n\t\t\t\t<div class=\"elementor-widget-container\">\n\t\t\t\t\t\t\t\t\t<p><span style=\"letter-spacing: -0.7px;\">\u00a0<\/span><span style=\"letter-spacing: -0.7px;\">La femme bleue est n\u00e9e d&#8217;un d\u00e9sir de cr\u00e9er et de transmettre une touche de po\u00e9sie et d&#8217;\u00e9motion.\u00a0<\/span><\/p><p>Apr\u00e8s plusieurs ann\u00e9es comme psychoth\u00e9rapeute pour enfants et adolescents,\u00a0<\/p>\t\t\t\t\t\t\t\t<\/div>\n\t\t\t\t<\/div>\n\t\t\t\t<div class=\"elementor-element elementor-element-91da0dc elementor-hidden-desktop elementor-hidden-tablet elementor-widget elementor-widget-text-editor\" data-id=\"91da0dc\" data-element_type=\"widget\" data-e-type=\"widget\" data-widget_type=\"text-editor.default\">\n\t\t\t\t<div class=\"elementor-widget-container\">\n\t\t\t\t\t\t\t\t\t<p>J&#8217;ai choisi de <br \/>r\u00e9apprendre \u00e0 <br \/>rencontrer les gens<br \/>autrement.<\/p>\t\t\t\t\t\t\t\t<\/div>\n\t\t\t\t<\/div>\n\t\t\t\t<div class=\"elementor-element elementor-element-3c17910 elementor-hidden-mobile elementor-widget elementor-widget-heading\" data-id=\"3c17910\" data-element_type=\"widget\" data-e-type=\"widget\" data-widget_type=\"heading.default\">\n\t\t\t\t<div class=\"elementor-widget-container\">\n\t\t\t\t\t<h2 class=\"elementor-heading-title elementor-size-default\">J'ai choisi de \nr\u00e9apprendre \u00e0 \nrencontrer les gens\nautrement.<\/h2>\t\t\t\t<\/div>\n\t\t\t\t<\/div>\n\t\t\t\t\t<\/div>\n\t\t<\/div>\n\t\t\t\t<div class=\"elementor-column elementor-col-50 elementor-top-column elementor-element elementor-element-173b1ca\" data-id=\"173b1ca\" data-element_type=\"column\" data-e-type=\"column\">\n\t\t\t<div class=\"elementor-widget-wrap elementor-element-populated\">\n\t\t\t\t\t\t<div class=\"elementor-element elementor-element-1450325 elementor-widget elementor-widget-image\" data-id=\"1450325\" data-element_type=\"widget\" data-e-type=\"widget\" data-widget_type=\"image.default\">\n\t\t\t\t<div class=\"elementor-widget-container\">\n\t\t\t\t\t\t\t\t\t\t\t\t\t\t\t<img fetchpriority=\"high\" decoding=\"async\" width=\"300\" height=\"300\" src=\"https:\/\/elodiecognioul.be\/wp-content\/uploads\/2023\/12\/MG_4655-300x300.jpeg\" class=\"attachment-medium size-medium wp-image-1626\" alt=\"\" srcset=\"https:\/\/elodiecognioul.be\/wp-content\/uploads\/2023\/12\/MG_4655-300x300.jpeg 300w, https:\/\/elodiecognioul.be\/wp-content\/uploads\/2023\/12\/MG_4655-1024x1024.jpeg 1024w, https:\/\/elodiecognioul.be\/wp-content\/uploads\/2023\/12\/MG_4655-150x150.jpeg 150w, https:\/\/elodiecognioul.be\/wp-content\/uploads\/2023\/12\/MG_4655-768x768.jpeg 768w, https:\/\/elodiecognioul.be\/wp-content\/uploads\/2023\/12\/MG_4655-1536x1536.jpeg 1536w, https:\/\/elodiecognioul.be\/wp-content\/uploads\/2023\/12\/MG_4655-2048x2048.jpeg 2048w\" sizes=\"(max-width: 300px) 100vw, 300px\" \/>\t\t\t\t\t\t\t\t\t\t\t\t\t\t\t<\/div>\n\t\t\t\t<\/div>\n\t\t\t\t\t<\/div>\n\t\t<\/div>\n\t\t\t\t\t<\/div>\n\t\t<\/section>\n\t\t\t\t<section class=\"elementor-section elementor-top-section elementor-element elementor-element-01990e5 elementor-section-boxed elementor-section-height-default elementor-section-height-default\" data-id=\"01990e5\" data-element_type=\"section\" data-e-type=\"section\">\n\t\t\t\t\t\t<div class=\"elementor-container elementor-column-gap-default\">\n\t\t\t\t\t<div class=\"elementor-column elementor-col-50 elementor-top-column elementor-element elementor-element-015e9dd\" data-id=\"015e9dd\" data-element_type=\"column\" data-e-type=\"column\">\n\t\t\t<div class=\"elementor-widget-wrap elementor-element-populated\">\n\t\t\t\t\t\t<div class=\"elementor-element elementor-element-740158e elementor-hidden-mobile elementor-widget elementor-widget-text-editor\" data-id=\"740158e\" data-element_type=\"widget\" data-e-type=\"widget\" data-widget_type=\"text-editor.default\">\n\t\t\t\t<div class=\"elementor-widget-container\">\n\t\t\t\t\t\t\t\t\t<p>Par\u00e9e d&#8217;une formation en Illustration et Graphisme aux Ateliers Saint-Luc de Bruxelles. J&#8217;aime vous rencontrer pour que vous me parliez de vous et de vos id\u00e9es. Ensemble, nous transformons ces vagues d&#8217;id\u00e9es en flot d&#8217;images.\u00a0<\/p><p>Vous pouvez me contacter pour toute commande de gravure, illustration ou graphisme.\u00a0<\/p>\t\t\t\t\t\t\t\t<\/div>\n\t\t\t\t<\/div>\n\t\t\t\t\t<\/div>\n\t\t<\/div>\n\t\t\t\t<div class=\"elementor-column elementor-col-50 elementor-top-column elementor-element elementor-element-3b5349f\" data-id=\"3b5349f\" data-element_type=\"column\" data-e-type=\"column\">\n\t\t\t<div class=\"elementor-widget-wrap elementor-element-populated\">\n\t\t\t\t\t\t<div class=\"elementor-element elementor-element-7974cf7 elementor-hidden-desktop elementor-hidden-tablet elementor-widget elementor-widget-text-editor\" data-id=\"7974cf7\" data-element_type=\"widget\" data-e-type=\"widget\" data-widget_type=\"text-editor.default\">\n\t\t\t\t<div class=\"elementor-widget-container\">\n\t\t\t\t\t\t\t\t\t<p>Par\u00e9e d&#8217;une formation en Illustration et Graphisme aux Ateliers Saint-Luc de Bruxelles. J&#8217;aime vous rencontrer pour que vous me parliez de vous et de vos id\u00e9es. Ensemble, nous transformons ces vagues d&#8217;id\u00e9es en flot d&#8217;images.\u00a0<\/p><p>Vous pouvez me contacter pour toute commande de gravure, illustration ou graphisme.\u00a0<\/p>\t\t\t\t\t\t\t\t<\/div>\n\t\t\t\t<\/div>\n\t\t\t\t<div class=\"elementor-element elementor-element-b3762e3 elementor-widget elementor-widget-text-editor\" data-id=\"b3762e3\" data-element_type=\"widget\" data-e-type=\"widget\" data-widget_type=\"text-editor.default\">\n\t\t\t\t<div class=\"elementor-widget-container\">\n\t\t\t\t\t\t\t\t\t<p>Alors<\/p><p>on se rencontre?<\/p>\t\t\t\t\t\t\t\t<\/div>\n\t\t\t\t<\/div>\n\t\t\t\t<div class=\"elementor-element elementor-element-43b35fa elementor-align-justify elementor-widget elementor-widget-button\" data-id=\"43b35fa\" data-element_type=\"widget\" data-e-type=\"widget\" data-widget_type=\"button.default\">\n\t\t\t\t<div class=\"elementor-widget-container\">\n\t\t\t\t\t\t\t\t\t<div class=\"elementor-button-wrapper\">\n\t\t\t\t\t<a class=\"elementor-button elementor-button-link elementor-size-sm\" href=\"https:\/\/elodiecognioul.be\/?page_id=83\">\n\t\t\t\t\t\t<span class=\"elementor-button-content-wrapper\">\n\t\t\t\t\t\t\t\t\t<span class=\"elementor-button-text\">C'est par ici!<\/span>\n\t\t\t\t\t<\/span>\n\t\t\t\t\t<\/a>\n\t\t\t\t<\/div>\n\t\t\t\t\t\t\t\t<\/div>\n\t\t\t\t<\/div>\n\t\t\t\t\t<\/div>\n\t\t<\/div>\n\t\t\t\t\t<\/div>\n\t\t<\/section>\n\t\t\t\t<section class=\"elementor-section elementor-top-section elementor-element elementor-element-daf5eb0 elementor-section-boxed elementor-section-height-default elementor-section-height-default\" data-id=\"daf5eb0\" data-element_type=\"section\" data-e-type=\"section\">\n\t\t\t\t\t\t<div class=\"elementor-container elementor-column-gap-default\">\n\t\t\t\t\t<div class=\"elementor-column elementor-col-100 elementor-top-column elementor-element elementor-element-878c322\" data-id=\"878c322\" data-element_type=\"column\" data-e-type=\"column\">\n\t\t\t<div class=\"elementor-widget-wrap\">\n\t\t\t\t\t\t\t<\/div>\n\t\t<\/div>\n\t\t\t\t\t<\/div>\n\t\t<\/section>\n\t\t\t\t<\/div>\n\t\t","protected":false},"excerpt":{"rendered":"<p>\u00a0La femme bleue est n\u00e9e d&#8217;un d\u00e9sir de cr\u00e9er et de transmettre une touche de po\u00e9sie et d&#8217;\u00e9motion.\u00a0 Apr\u00e8s plusieurs ann\u00e9es comme psychoth\u00e9rapeute pour enfants et adolescents,\u00a0 J&#8217;ai choisi de r\u00e9apprendre \u00e0 rencontrer les gensautrement. J&#8217;ai choisi de r\u00e9apprendre \u00e0 rencontrer les gens autrement. Par\u00e9e d&#8217;une formation en Illustration et Graphisme aux Ateliers Saint-Luc de [&hellip;]<\/p>\n","protected":false},"author":1,"featured_media":0,"parent":0,"menu_order":0,"comment_status":"closed","ping_status":"closed","template":"elementor_theme","meta":{"ngg_post_thumbnail":0,"footnotes":""},"class_list":["post-52","page","type-page","status-publish","hentry"],"_links":{"self":[{"href":"https:\/\/elodiecognioul.be\/index.php?rest_route=\/wp\/v2\/pages\/52","targetHints":{"allow":["GET"]}}],"collection":[{"href":"https:\/\/elodiecognioul.be\/index.php?rest_route=\/wp\/v2\/pages"}],"about":[{"href":"https:\/\/elodiecognioul.be\/index.php?rest_route=\/wp\/v2\/types\/page"}],"author":[{"embeddable":true,"href":"https:\/\/elodiecognioul.be\/index.php?rest_route=\/wp\/v2\/users\/1"}],"replies":[{"embeddable":true,"href":"https:\/\/elodiecognioul.be\/index.php?rest_route=%2Fwp%2Fv2%2Fcomments&post=52"}],"version-history":[{"count":393,"href":"https:\/\/elodiecognioul.be\/index.php?rest_route=\/wp\/v2\/pages\/52\/revisions"}],"predecessor-version":[{"id":1894,"href":"https:\/\/elodiecognioul.be\/index.php?rest_route=\/wp\/v2\/pages\/52\/revisions\/1894"}],"wp:attachment":[{"href":"https:\/\/elodiecognioul.be\/index.php?rest_route=%2Fwp%2Fv2%2Fmedia&parent=52"}],"curies":[{"name":"wp","href":"https:\/\/api.w.org\/{rel}","templated":true}]}}