{"id":490,"date":"2021-11-22T15:22:53","date_gmt":"2021-11-22T14:22:53","guid":{"rendered":"https:\/\/2.formation-wp.doublegcoaching.be\/?page_id=56"},"modified":"2023-12-06T13:38:19","modified_gmt":"2023-12-06T12:38:19","slug":"actualites-2","status":"publish","type":"page","link":"https:\/\/elodiecognioul.be\/?page_id=490","title":{"rendered":"Actualit\u00e9s"},"content":{"rendered":"\t\t<div data-elementor-type=\"wp-page\" data-elementor-id=\"490\" class=\"elementor elementor-490\">\n\t\t\t\t\t\t<section class=\"elementor-section elementor-top-section elementor-element elementor-element-25cfd74 elementor-section-boxed elementor-section-height-default elementor-section-height-default\" data-id=\"25cfd74\" data-element_type=\"section\" data-e-type=\"section\">\n\t\t\t\t\t\t<div class=\"elementor-container elementor-column-gap-default\">\n\t\t\t\t\t<div class=\"elementor-column elementor-col-50 elementor-top-column elementor-element elementor-element-f301fe4\" data-id=\"f301fe4\" data-element_type=\"column\" data-e-type=\"column\">\n\t\t\t<div class=\"elementor-widget-wrap\">\n\t\t\t\t\t\t\t<\/div>\n\t\t<\/div>\n\t\t\t\t<div class=\"elementor-column elementor-col-50 elementor-top-column elementor-element elementor-element-eee7527\" data-id=\"eee7527\" data-element_type=\"column\" data-e-type=\"column\">\n\t\t\t<div class=\"elementor-widget-wrap\">\n\t\t\t\t\t\t\t<\/div>\n\t\t<\/div>\n\t\t\t\t\t<\/div>\n\t\t<\/section>\n\t\t\t\t<section class=\"elementor-section elementor-top-section elementor-element elementor-element-0a780ff elementor-section-boxed elementor-section-height-default elementor-section-height-default\" data-id=\"0a780ff\" data-element_type=\"section\" data-e-type=\"section\">\n\t\t\t\t\t\t<div class=\"elementor-container elementor-column-gap-default\">\n\t\t\t\t\t<div class=\"elementor-column elementor-col-50 elementor-top-column elementor-element elementor-element-d4236f9\" data-id=\"d4236f9\" data-element_type=\"column\" data-e-type=\"column\">\n\t\t\t<div class=\"elementor-widget-wrap elementor-element-populated\">\n\t\t\t\t\t\t<div class=\"elementor-element elementor-element-ded7a89 elementor-hidden-mobile elementor-widget elementor-widget-image\" data-id=\"ded7a89\" data-element_type=\"widget\" data-e-type=\"widget\" data-widget_type=\"image.default\">\n\t\t\t\t<div class=\"elementor-widget-container\">\n\t\t\t\t\t\t\t\t\t\t\t\t\t\t\t<img fetchpriority=\"high\" decoding=\"async\" width=\"768\" height=\"644\" src=\"https:\/\/elodiecognioul.be\/wp-content\/uploads\/2023\/12\/348344301_574591621535710_566527614718557532_n-768x644.png\" class=\"attachment-medium_large size-medium_large wp-image-1837\" alt=\"\" srcset=\"https:\/\/elodiecognioul.be\/wp-content\/uploads\/2023\/12\/348344301_574591621535710_566527614718557532_n-768x644.png 768w, https:\/\/elodiecognioul.be\/wp-content\/uploads\/2023\/12\/348344301_574591621535710_566527614718557532_n-300x251.png 300w, https:\/\/elodiecognioul.be\/wp-content\/uploads\/2023\/12\/348344301_574591621535710_566527614718557532_n.png 940w\" sizes=\"(max-width: 768px) 100vw, 768px\" \/>\t\t\t\t\t\t\t\t\t\t\t\t\t\t\t<\/div>\n\t\t\t\t<\/div>\n\t\t\t\t\t<\/div>\n\t\t<\/div>\n\t\t\t\t<div class=\"elementor-column elementor-col-50 elementor-top-column elementor-element elementor-element-e8972a6\" data-id=\"e8972a6\" data-element_type=\"column\" data-e-type=\"column\">\n\t\t\t<div class=\"elementor-widget-wrap elementor-element-populated\">\n\t\t\t\t\t\t<div class=\"elementor-element elementor-element-05978a6 elementor-hidden-mobile elementor-widget elementor-widget-text-editor\" data-id=\"05978a6\" data-element_type=\"widget\" data-e-type=\"widget\" data-widget_type=\"text-editor.default\">\n\t\t\t\t<div class=\"elementor-widget-container\">\n\t\t\t\t\t\t\t\t\t<p>Je serai ravie de vous retrouver au March\u00e9 des Glaci\u00e8res&nbsp;<\/p>\n<p><\/p>\n<p>Pour papoter, prendre un vin chaud et vous faire d\u00e9couvrir mon travail.<\/p>\n<p>Bisous<\/p>\t\t\t\t\t\t\t\t<\/div>\n\t\t\t\t<\/div>\n\t\t\t\t\t<\/div>\n\t\t<\/div>\n\t\t\t\t\t<\/div>\n\t\t<\/section>\n\t\t\t\t<section class=\"elementor-section elementor-top-section elementor-element elementor-element-5f520d8 elementor-section-boxed elementor-section-height-default elementor-section-height-default\" data-id=\"5f520d8\" data-element_type=\"section\" data-e-type=\"section\">\n\t\t\t\t\t\t<div class=\"elementor-container elementor-column-gap-default\">\n\t\t\t\t\t<div class=\"elementor-column elementor-col-100 elementor-top-column elementor-element elementor-element-ba39409\" data-id=\"ba39409\" data-element_type=\"column\" data-e-type=\"column\">\n\t\t\t<div class=\"elementor-widget-wrap elementor-element-populated\">\n\t\t\t\t\t\t<div class=\"elementor-element elementor-element-55becf4 elementor-hidden-desktop elementor-hidden-tablet elementor-widget elementor-widget-image\" data-id=\"55becf4\" data-element_type=\"widget\" data-e-type=\"widget\" data-widget_type=\"image.default\">\n\t\t\t\t<div class=\"elementor-widget-container\">\n\t\t\t\t\t\t\t\t\t\t\t\t\t\t\t<img decoding=\"async\" width=\"800\" height=\"671\" src=\"https:\/\/elodiecognioul.be\/wp-content\/uploads\/2023\/12\/348344301_574591621535710_566527614718557532_n.png\" class=\"attachment-large size-large wp-image-1837\" alt=\"\" srcset=\"https:\/\/elodiecognioul.be\/wp-content\/uploads\/2023\/12\/348344301_574591621535710_566527614718557532_n.png 940w, https:\/\/elodiecognioul.be\/wp-content\/uploads\/2023\/12\/348344301_574591621535710_566527614718557532_n-300x251.png 300w, https:\/\/elodiecognioul.be\/wp-content\/uploads\/2023\/12\/348344301_574591621535710_566527614718557532_n-768x644.png 768w\" sizes=\"(max-width: 800px) 100vw, 800px\" \/>\t\t\t\t\t\t\t\t\t\t\t\t\t\t\t<\/div>\n\t\t\t\t<\/div>\n\t\t\t\t\t<\/div>\n\t\t<\/div>\n\t\t\t\t\t<\/div>\n\t\t<\/section>\n\t\t\t\t<section class=\"elementor-section elementor-top-section elementor-element elementor-element-fa0fb79 elementor-section-boxed elementor-section-height-default elementor-section-height-default\" data-id=\"fa0fb79\" data-element_type=\"section\" data-e-type=\"section\">\n\t\t\t\t\t\t<div class=\"elementor-container elementor-column-gap-default\">\n\t\t\t\t\t<div class=\"elementor-column elementor-col-100 elementor-top-column elementor-element elementor-element-2774e92\" data-id=\"2774e92\" data-element_type=\"column\" data-e-type=\"column\">\n\t\t\t<div class=\"elementor-widget-wrap elementor-element-populated\">\n\t\t\t\t\t\t<div class=\"elementor-element elementor-element-5b07884 elementor-hidden-desktop elementor-hidden-tablet elementor-widget elementor-widget-text-editor\" data-id=\"5b07884\" data-element_type=\"widget\" data-e-type=\"widget\" data-widget_type=\"text-editor.default\">\n\t\t\t\t<div class=\"elementor-widget-container\">\n\t\t\t\t\t\t\t\t\t<p>Je serai ravie de vous retrouver au March\u00e9 des Glaci\u00e8res&nbsp;<\/p>\n<p>Pour papoter, prendre un vin chaud et vous faire d\u00e9couvrir mon travail.&nbsp;<\/p><p>Bisous<\/p>\t\t\t\t\t\t\t\t<\/div>\n\t\t\t\t<\/div>\n\t\t\t\t\t<\/div>\n\t\t<\/div>\n\t\t\t\t\t<\/div>\n\t\t<\/section>\n\t\t\t\t<\/div>\n\t\t","protected":false},"excerpt":{"rendered":"<p>Je serai ravie de vous retrouver au March\u00e9 des Glaci\u00e8res&nbsp; Pour papoter, prendre un vin chaud et vous faire d\u00e9couvrir mon travail. Bisous Je serai ravie de vous retrouver au March\u00e9 des Glaci\u00e8res&nbsp; Pour papoter, prendre un vin chaud et vous faire d\u00e9couvrir mon travail.&nbsp; Bisous<\/p>\n","protected":false},"author":1,"featured_media":0,"parent":0,"menu_order":0,"comment_status":"closed","ping_status":"closed","template":"","meta":{"ngg_post_thumbnail":0,"footnotes":""},"class_list":["post-490","page","type-page","status-publish","hentry"],"_links":{"self":[{"href":"https:\/\/elodiecognioul.be\/index.php?rest_route=\/wp\/v2\/pages\/490","targetHints":{"allow":["GET"]}}],"collection":[{"href":"https:\/\/elodiecognioul.be\/index.php?rest_route=\/wp\/v2\/pages"}],"about":[{"href":"https:\/\/elodiecognioul.be\/index.php?rest_route=\/wp\/v2\/types\/page"}],"author":[{"embeddable":true,"href":"https:\/\/elodiecognioul.be\/index.php?rest_route=\/wp\/v2\/users\/1"}],"replies":[{"embeddable":true,"href":"https:\/\/elodiecognioul.be\/index.php?rest_route=%2Fwp%2Fv2%2Fcomments&post=490"}],"version-history":[{"count":67,"href":"https:\/\/elodiecognioul.be\/index.php?rest_route=\/wp\/v2\/pages\/490\/revisions"}],"predecessor-version":[{"id":1858,"href":"https:\/\/elodiecognioul.be\/index.php?rest_route=\/wp\/v2\/pages\/490\/revisions\/1858"}],"wp:attachment":[{"href":"https:\/\/elodiecognioul.be\/index.php?rest_route=%2Fwp%2Fv2%2Fmedia&parent=490"}],"curies":[{"name":"wp","href":"https:\/\/api.w.org\/{rel}","templated":true}]}}